{"id":1818,"date":"2024-04-08T12:20:08","date_gmt":"2024-04-08T16:20:08","guid":{"rendered":"http:\/\/localhost\/xperience-jaro\/?page_id=1818"},"modified":"2024-05-08T12:29:12","modified_gmt":"2024-05-08T16:29:12","slug":"infolettre","status":"publish","type":"page","link":"https:\/\/www.xperience-jaro.com\/en\/infolettre\/","title":{"rendered":"Infolettre"},"content":{"rendered":"\t\t<div data-elementor-type=\"wp-page\" data-elementor-id=\"1818\" class=\"elementor elementor-1818\" data-elementor-post-type=\"page\">\n\t\t\t\t\t\t<section class=\"elementor-section elementor-top-section elementor-element elementor-element-b075b5a elementor-section-boxed elementor-section-height-default elementor-section-height-default\" data-id=\"b075b5a\" data-element_type=\"section\" data-e-type=\"section\" data-settings=\"{&quot;background_background&quot;:&quot;classic&quot;}\">\n\t\t\t\t\t\t<div class=\"elementor-container elementor-column-gap-default\">\n\t\t\t\t\t<div class=\"elementor-column elementor-col-100 elementor-top-column elementor-element elementor-element-f8448ea\" data-id=\"f8448ea\" data-element_type=\"column\" data-e-type=\"column\">\n\t\t\t<div class=\"elementor-widget-wrap elementor-element-populated\">\n\t\t\t\t\t\t<div class=\"elementor-element elementor-element-c808dc8 elementor-invisible elementor-widget elementor-widget-heading\" data-id=\"c808dc8\" data-element_type=\"widget\" data-e-type=\"widget\" data-settings=\"{&quot;_animation&quot;:&quot;fadeInUp&quot;}\" data-widget_type=\"heading.default\">\n\t\t\t\t<div class=\"elementor-widget-container\">\n\t\t\t\t\t<h2 class=\"elementor-heading-title elementor-size-default\">D\u00e9couvrez un monde d'exclusivit\u00e9s r\u00e9serv\u00e9es aux membres!<\/h2>\t\t\t\t<\/div>\n\t\t\t\t<\/div>\n\t\t\t\t\t<\/div>\n\t\t<\/div>\n\t\t\t\t\t<\/div>\n\t\t<\/section>\n\t\t<div class=\"elementor-element elementor-element-dece8b7 e-flex e-con-boxed e-con e-parent\" data-id=\"dece8b7\" data-element_type=\"container\" data-e-type=\"container\" data-no-translation=\"\">\n\t\t\t\t\t<div class=\"e-con-inner\">\n\t\t\t\t<div class=\"elementor-element elementor-element-4755617 elementor-invisible elementor-widget elementor-widget-text-editor\" data-id=\"4755617\" data-element_type=\"widget\" data-e-type=\"widget\" data-settings=\"{&quot;_animation&quot;:&quot;fadeInUp&quot;}\" data-widget_type=\"text-editor.default\">\n\t\t\t\t<div class=\"elementor-widget-container\">\n\t\t\t\t\t\t\t\t\tReceive monthly newsletters with new products, member exclusives and promotions.\n<strong><br><br>\nSign up today and don&rsquo;t miss a thing!\n<\/strong>\t\t\t\t\t\t\t\t<\/div>\n\t\t\t\t<\/div>\n\t\t\t\t<div class=\"elementor-element elementor-element-8c5212d elementor-widget elementor-widget-html\" data-id=\"8c5212d\" data-element_type=\"widget\" data-e-type=\"widget\" data-widget_type=\"html.default\">\n\t\t\t\t<div class=\"elementor-widget-container\">\n\t\t\t\t\t<script type=\"text\/javascript\" src=\"\/\/contact-api.inguest.com\/bundles\/revinatecontactapi\/js\/revinate-form.js?v=1\"><\/script>\r\n<form id=\"revinate_contact_api_form\" token=\"c40f1334-d434-4af0-b1a1-c3458cfd9c90\"\r\n      onsubmit=\"revFormOnSubmit(); event.preventDefault();\">\r\n       \r\n                    <div id=\"inf_bloc1\">\r\n                <label class=\"label_bloc1\">FirstName<\/label>\r\n                <input type=\"text\" name=\"firstName\"\/>\r\n                <\/div>\r\n                \r\n                       <div id=\"inf_bloc2\">\r\n                <label class=\"label_bloc2\">LastName<\/label>\r\n                <input type=\"text\" name=\"lastName\"\/>        <\/div>\r\n            <div id=\"inf_bloc3\">\r\n                <label class=\"label_bloc3\" >E-mail<\/label>\r\n                <input  type=\"email\" name=\"email\" required\/>        <\/div>\r\n    \r\n        <div class=\"button button_info\">\r\n            <button class=\"button_info\" type=\"submit\">Submit<\/button>\r\n        <\/div>\r\n    <div id=\"formMessage\"><\/div>\r\n    <style scoped>\r\n        label {\r\n    width: 130px;\r\n    font-family: \"Lato\", Sans-serif;\r\n    font-size: 16px;\r\n    font-weight: 700;\r\n    margin-left: 7px;\r\n    line-height: 40px !important;\r\n        }\r\n\r\n        label.required:after {\r\n            content: \" *\";\r\n            color: red;\r\n        }\r\n\r\n        fieldset {\r\n            width: 500px;\r\n            padding: 1em;\r\n            border: 3px solid #CCC;\r\n        }\r\n\r\n        input {\r\n          margin: 1px 5px 1px 5px;\r\n        width: 145px;\r\n        padding: 3px;\r\n        border-width: 2px;\r\n        background-color: #E3E3E3!important;\r\n    border-color: #E6D19F !important;\r\n        }\r\n\r\n        input.long {\r\n            width: 300px\r\n        }\r\n\r\n        div.checkbox-group {\r\n            padding: 10px 0;\r\n        }\r\n\r\n        div.checkbox-group label {\r\n            width: 100%;\r\n        }\r\n\r\n        input[type=checkbox] {\r\n            width: 15px;\r\n            height: 15px;\r\n            margin-left: 0;\r\n        }\r\n           div.button {\r\n            margin-top: 1em;\r\n            background-color:#fff;\r\n        }\r\n         div#formMessage {\r\n        padding-top: 20px;\r\n      }\r\n\r\n    \r\n    <\/style>\r\n<\/form>\r\n<script>\r\n    \r\n    document.getElementById(\"revinate_contact_api_form\").addEventListener(\"submit\", function(event) {\r\n      \r\n        event.preventDefault();\r\n\r\n        var formMessage = document.getElementById(\"formMessage\");\r\n        formMessage.innerHTML = \"Your request has been sent!\";\r\n\r\n        var submitButton = document.querySelector('button[type=\"submit\"]');\r\n        submitButton.disabled = true; \r\n\r\n        setTimeout(function() {\r\n            document.getElementById(\"revinate_contact_api_form\").reset();\r\n            submitButton.disabled = false; \r\n        }, 2000);\r\n    });\r\n<\/script>\r\n\t\t\t\t<\/div>\n\t\t\t\t<\/div>\n\t\t\t\t\t<\/div>\n\t\t\t\t<\/div>\n\t\t\t\t<\/div>\n\t\t","protected":false},"excerpt":{"rendered":"<p>D\u00e9couvrez un monde d&rsquo;exclusivit\u00e9s r\u00e9serv\u00e9es aux membres! Recevez des infolettres mensuelles avec des nouveaut\u00e9s, des exclusivit\u00e9s membres et des promotions. [&hellip;]<\/p>\n","protected":false},"author":1,"featured_media":0,"parent":0,"menu_order":0,"comment_status":"closed","ping_status":"closed","template":"","meta":{"site-sidebar-layout":"no-sidebar","site-content-layout":"","ast-site-content-layout":"full-width-container","site-content-style":"default","site-sidebar-style":"default","ast-global-header-display":"","ast-banner-title-visibility":"","ast-main-header-display":"","ast-hfb-above-header-display":"","ast-hfb-below-header-display":"","ast-hfb-mobile-header-display":"","site-post-title":"disabled","ast-breadcrumbs-content":"","ast-featured-img":"disabled","footer-sml-layout":"","ast-disable-related-posts":"","theme-transparent-header-meta":"","adv-header-id-meta":"","stick-header-meta":"","header-above-stick-meta":"","header-main-stick-meta":"","header-below-stick-meta":"","astra-migrate-meta-layouts":"default","ast-page-background-enabled":"default","ast-page-background-meta":{"desktop":{"background-color":"var(--ast-global-color-4)","background-image":"","background-repeat":"repeat","background-position":"center center","background-size":"auto","background-attachment":"scroll","background-type":"","background-media":"","overlay-type":"","overlay-color":"","overlay-opacity":"","overlay-gradient":""},"tablet":{"background-color":"","background-image":"","background-repeat":"repeat","background-position":"center center","background-size":"auto","background-attachment":"scroll","background-type":"","background-media":"","overlay-type":"","overlay-color":"","overlay-opacity":"","overlay-gradient":""},"mobile":{"background-color":"","background-image":"","background-repeat":"repeat","background-position":"center center","background-size":"auto","background-attachment":"scroll","background-type":"","background-media":"","overlay-type":"","overlay-color":"","overlay-opacity":"","overlay-gradient":""}},"ast-content-background-meta":{"desktop":{"background-color":"var(--ast-global-color-5)","background-image":"","background-repeat":"repeat","background-position":"center center","background-size":"auto","background-attachment":"scroll","background-type":"","background-media":"","overlay-type":"","overlay-color":"","overlay-opacity":"","overlay-gradient":""},"tablet":{"background-color":"var(--ast-global-color-5)","background-image":"","background-repeat":"repeat","background-position":"center center","background-size":"auto","background-attachment":"scroll","background-type":"","background-media":"","overlay-type":"","overlay-color":"","overlay-opacity":"","overlay-gradient":""},"mobile":{"background-color":"var(--ast-global-color-5)","background-image":"","background-repeat":"repeat","background-position":"center center","background-size":"auto","background-attachment":"scroll","background-type":"","background-media":"","overlay-type":"","overlay-color":"","overlay-opacity":"","overlay-gradient":""}},"footnotes":""},"class_list":["post-1818","page","type-page","status-publish","hentry"],"yoast_head":"<!-- This site is optimized with the Yoast SEO plugin v27.5 - https:\/\/yoast.com\/product\/yoast-seo-wordpress\/ -->\n<title>Infolettre - xperience-jaro.com<\/title>\n<meta name=\"robots\" content=\"index, follow, max-snippet:-1, max-image-preview:large, max-video-preview:-1\" \/>\n<link rel=\"canonical\" href=\"https:\/\/www.xperience-jaro.com\/en\/infolettre\/\" \/>\n<meta property=\"og:locale\" content=\"en_US\" \/>\n<meta property=\"og:type\" content=\"article\" \/>\n<meta property=\"og:title\" content=\"Infolettre - xperience-jaro.com\" \/>\n<meta property=\"og:description\" content=\"D\u00e9couvrez un monde d&rsquo;exclusivit\u00e9s r\u00e9serv\u00e9es aux membres! Recevez des infolettres mensuelles avec des nouveaut\u00e9s, des exclusivit\u00e9s membres et des promotions. [&hellip;]\" \/>\n<meta property=\"og:url\" content=\"https:\/\/www.xperience-jaro.com\/en\/infolettre\/\" \/>\n<meta property=\"og:site_name\" content=\"xperience-jaro.com\" \/>\n<meta property=\"article:publisher\" content=\"https:\/\/www.facebook.com\/hotelsjaro?rf=127555693946406\" \/>\n<meta property=\"article:modified_time\" content=\"2024-05-08T16:29:12+00:00\" \/>\n<meta name=\"twitter:card\" content=\"summary_large_image\" \/>\n<script type=\"application\/ld+json\" class=\"yoast-schema-graph\">{\"@context\":\"https:\\\/\\\/schema.org\",\"@graph\":[{\"@type\":\"WebPage\",\"@id\":\"https:\\\/\\\/www.xperience-jaro.com\\\/infolettre\\\/\",\"url\":\"https:\\\/\\\/www.xperience-jaro.com\\\/infolettre\\\/\",\"name\":\"Infolettre - xperience-jaro.com\",\"isPartOf\":{\"@id\":\"https:\\\/\\\/www.xperience-jaro.com\\\/#website\"},\"datePublished\":\"2024-04-08T16:20:08+00:00\",\"dateModified\":\"2024-05-08T16:29:12+00:00\",\"breadcrumb\":{\"@id\":\"https:\\\/\\\/www.xperience-jaro.com\\\/infolettre\\\/#breadcrumb\"},\"inLanguage\":\"en-US\",\"potentialAction\":[{\"@type\":\"ReadAction\",\"target\":[\"https:\\\/\\\/www.xperience-jaro.com\\\/infolettre\\\/\"]}]},{\"@type\":\"BreadcrumbList\",\"@id\":\"https:\\\/\\\/www.xperience-jaro.com\\\/infolettre\\\/#breadcrumb\",\"itemListElement\":[{\"@type\":\"ListItem\",\"position\":1,\"name\":\"Accueil\",\"item\":\"https:\\\/\\\/www.xperience-jaro.com\\\/\"},{\"@type\":\"ListItem\",\"position\":2,\"name\":\"Infolettre\"}]},{\"@type\":\"WebSite\",\"@id\":\"https:\\\/\\\/www.xperience-jaro.com\\\/#website\",\"url\":\"https:\\\/\\\/www.xperience-jaro.com\\\/\",\"name\":\"xperience-jaro.com\",\"description\":\"Profitez des avantages de notre programme de loyaut\u00e9 Xperience JARO!\",\"publisher\":{\"@id\":\"https:\\\/\\\/www.xperience-jaro.com\\\/#organization\"},\"potentialAction\":[{\"@type\":\"SearchAction\",\"target\":{\"@type\":\"EntryPoint\",\"urlTemplate\":\"https:\\\/\\\/www.xperience-jaro.com\\\/?s={search_term_string}\"},\"query-input\":{\"@type\":\"PropertyValueSpecification\",\"valueRequired\":true,\"valueName\":\"search_term_string\"}}],\"inLanguage\":\"en-US\"},{\"@type\":\"Organization\",\"@id\":\"https:\\\/\\\/www.xperience-jaro.com\\\/#organization\",\"name\":\"xperience-jaro.com\",\"url\":\"https:\\\/\\\/www.xperience-jaro.com\\\/\",\"logo\":{\"@type\":\"ImageObject\",\"inLanguage\":\"en-US\",\"@id\":\"https:\\\/\\\/www.xperience-jaro.com\\\/#\\\/schema\\\/logo\\\/image\\\/\",\"url\":\"https:\\\/\\\/www.xperience-jaro.com\\\/wp-content\\\/uploads\\\/2024\\\/04\\\/Logo-favicon.png\",\"contentUrl\":\"https:\\\/\\\/www.xperience-jaro.com\\\/wp-content\\\/uploads\\\/2024\\\/04\\\/Logo-favicon.png\",\"width\":300,\"height\":300,\"caption\":\"xperience-jaro.com\"},\"image\":{\"@id\":\"https:\\\/\\\/www.xperience-jaro.com\\\/#\\\/schema\\\/logo\\\/image\\\/\"},\"sameAs\":[\"https:\\\/\\\/www.facebook.com\\\/hotelsjaro?rf=127555693946406\",\"https:\\\/\\\/www.instagram.com\\\/leshotelsjaro\\\/\",\"https:\\\/\\\/www.linkedin.com\\\/company\\\/les-h-tels-jaro\\\/\",\"https:\\\/\\\/www.youtube.com\\\/HotelsJARO\",\"https:\\\/\\\/www.tiktok.com\\\/@hotelsjaro\"]}]}<\/script>\n<!-- \/ Yoast SEO plugin. -->","yoast_head_json":{"title":"Infolettre - xperience-jaro.com","robots":{"index":"index","follow":"follow","max-snippet":"max-snippet:-1","max-image-preview":"max-image-preview:large","max-video-preview":"max-video-preview:-1"},"canonical":"https:\/\/www.xperience-jaro.com\/en\/infolettre\/","og_locale":"en_US","og_type":"article","og_title":"Infolettre - xperience-jaro.com","og_description":"D\u00e9couvrez un monde d&rsquo;exclusivit\u00e9s r\u00e9serv\u00e9es aux membres! Recevez des infolettres mensuelles avec des nouveaut\u00e9s, des exclusivit\u00e9s membres et des promotions. [&hellip;]","og_url":"https:\/\/www.xperience-jaro.com\/en\/infolettre\/","og_site_name":"xperience-jaro.com","article_publisher":"https:\/\/www.facebook.com\/hotelsjaro?rf=127555693946406","article_modified_time":"2024-05-08T16:29:12+00:00","twitter_card":"summary_large_image","schema":{"@context":"https:\/\/schema.org","@graph":[{"@type":"WebPage","@id":"https:\/\/www.xperience-jaro.com\/infolettre\/","url":"https:\/\/www.xperience-jaro.com\/infolettre\/","name":"Infolettre - xperience-jaro.com","isPartOf":{"@id":"https:\/\/www.xperience-jaro.com\/#website"},"datePublished":"2024-04-08T16:20:08+00:00","dateModified":"2024-05-08T16:29:12+00:00","breadcrumb":{"@id":"https:\/\/www.xperience-jaro.com\/infolettre\/#breadcrumb"},"inLanguage":"en-US","potentialAction":[{"@type":"ReadAction","target":["https:\/\/www.xperience-jaro.com\/infolettre\/"]}]},{"@type":"BreadcrumbList","@id":"https:\/\/www.xperience-jaro.com\/infolettre\/#breadcrumb","itemListElement":[{"@type":"ListItem","position":1,"name":"Accueil","item":"https:\/\/www.xperience-jaro.com\/"},{"@type":"ListItem","position":2,"name":"Infolettre"}]},{"@type":"WebSite","@id":"https:\/\/www.xperience-jaro.com\/#website","url":"https:\/\/www.xperience-jaro.com\/","name":"xperience-jaro.com","description":"Xperience the advantages of our loyalty program!","publisher":{"@id":"https:\/\/www.xperience-jaro.com\/#organization"},"potentialAction":[{"@type":"SearchAction","target":{"@type":"EntryPoint","urlTemplate":"https:\/\/www.xperience-jaro.com\/?s={search_term_string}"},"query-input":{"@type":"PropertyValueSpecification","valueRequired":true,"valueName":"search_term_string"}}],"inLanguage":"en-US"},{"@type":"Organization","@id":"https:\/\/www.xperience-jaro.com\/#organization","name":"xperience-jaro.com","url":"https:\/\/www.xperience-jaro.com\/","logo":{"@type":"ImageObject","inLanguage":"en-US","@id":"https:\/\/www.xperience-jaro.com\/#\/schema\/logo\/image\/","url":"https:\/\/www.xperience-jaro.com\/wp-content\/uploads\/2024\/04\/Logo-favicon.png","contentUrl":"https:\/\/www.xperience-jaro.com\/wp-content\/uploads\/2024\/04\/Logo-favicon.png","width":300,"height":300,"caption":"xperience-jaro.com"},"image":{"@id":"https:\/\/www.xperience-jaro.com\/#\/schema\/logo\/image\/"},"sameAs":["https:\/\/www.facebook.com\/hotelsjaro?rf=127555693946406","https:\/\/www.instagram.com\/leshotelsjaro\/","https:\/\/www.linkedin.com\/company\/les-h-tels-jaro\/","https:\/\/www.youtube.com\/HotelsJARO","https:\/\/www.tiktok.com\/@hotelsjaro"]}]}},"_links":{"self":[{"href":"https:\/\/www.xperience-jaro.com\/en\/wp-json\/wp\/v2\/pages\/1818","targetHints":{"allow":["GET"]}}],"collection":[{"href":"https:\/\/www.xperience-jaro.com\/en\/wp-json\/wp\/v2\/pages"}],"about":[{"href":"https:\/\/www.xperience-jaro.com\/en\/wp-json\/wp\/v2\/types\/page"}],"author":[{"embeddable":true,"href":"https:\/\/www.xperience-jaro.com\/en\/wp-json\/wp\/v2\/users\/1"}],"replies":[{"embeddable":true,"href":"https:\/\/www.xperience-jaro.com\/en\/wp-json\/wp\/v2\/comments?post=1818"}],"version-history":[{"count":232,"href":"https:\/\/www.xperience-jaro.com\/en\/wp-json\/wp\/v2\/pages\/1818\/revisions"}],"predecessor-version":[{"id":5219,"href":"https:\/\/www.xperience-jaro.com\/en\/wp-json\/wp\/v2\/pages\/1818\/revisions\/5219"}],"wp:attachment":[{"href":"https:\/\/www.xperience-jaro.com\/en\/wp-json\/wp\/v2\/media?parent=1818"}],"curies":[{"name":"wp","href":"https:\/\/api.w.org\/{rel}","templated":true}]}}