{"id":2091,"date":"2024-04-12T09:23:19","date_gmt":"2024-04-12T13:23:19","guid":{"rendered":"http:\/\/localhost\/xperience-jaro\/?page_id=2091"},"modified":"2024-06-12T15:30:14","modified_gmt":"2024-06-12T19:30:14","slug":"echanger","status":"publish","type":"page","link":"https:\/\/www.xperience-jaro.com\/en\/echanger\/","title":{"rendered":"Redeem"},"content":{"rendered":"<div data-elementor-type=\"wp-page\" data-elementor-id=\"2091\" class=\"elementor elementor-2091\" data-elementor-post-type=\"page\">\n\t\t\t\t\t\t<section class=\"elementor-section elementor-top-section elementor-element elementor-element-2b14aa3 elementor-section-height-min-height elementor-section-items-bottom elementor-section-boxed elementor-section-height-default\" data-id=\"2b14aa3\" data-element_type=\"section\" data-e-type=\"section\" data-settings=\"{&quot;background_background&quot;:&quot;classic&quot;}\">\n\t\t\t\t\t\t\t<div class=\"elementor-background-overlay\"><\/div>\n\t\t\t\t\t\t\t<div class=\"elementor-container elementor-column-gap-no\">\n\t\t\t\t\t<div class=\"elementor-column elementor-col-100 elementor-top-column elementor-element elementor-element-25a6cc3\" data-id=\"25a6cc3\" data-element_type=\"column\" data-e-type=\"column\">\n\t\t\t<div class=\"elementor-widget-wrap\">\n\t\t\t\t\t\t\t<\/div>\n\t\t<\/div>\n\t\t\t\t\t<\/div>\n\t\t<\/section>\n\t\t<div class=\"elementor-element elementor-element-ae03148 e-flex e-con-boxed e-con e-parent\" data-id=\"ae03148\" data-element_type=\"container\" data-e-type=\"container\">\n\t\t\t\t\t<div class=\"e-con-inner\">\n\t\t\t\t<div class=\"elementor-element elementor-element-e7cdeba elementor-widget elementor-widget-heading\" data-id=\"e7cdeba\" data-element_type=\"widget\" data-e-type=\"widget\" data-widget_type=\"heading.default\">\n\t\t\t\t<div class=\"elementor-widget-container\">\n\t\t\t\t\t<h2 class=\"elementor-heading-title elementor-size-default\">Redeem your points now!<\/h2>\t\t\t\t<\/div>\n\t\t\t\t<\/div>\n\t\t\t\t<div class=\"elementor-element elementor-element-9b5aa1b elementor-widget elementor-widget-heading\" data-id=\"9b5aa1b\" data-element_type=\"widget\" data-e-type=\"widget\" data-widget_type=\"heading.default\">\n\t\t\t\t<div class=\"elementor-widget-container\">\n\t\t\t\t\t<h2 class=\"elementor-heading-title elementor-size-default\">Enjoy exclusive benefits for <br>Xperience JARO members<\/h2>\t\t\t\t<\/div>\n\t\t\t\t<\/div>\n\t\t\t\t\t<\/div>\n\t\t\t\t<\/div>\n\t\t<div class=\"elementor-element elementor-element-4684ee4 e-grid e-con-boxed e-con e-parent\" data-id=\"4684ee4\" data-element_type=\"container\" data-e-type=\"container\">\n\t\t\t\t\t<div class=\"e-con-inner\">\n\t\t\t\t<div class=\"elementor-element elementor-element-3a3cf25 elementor-cta--layout-image-above bloc_utilisez elementor-cta--skin-classic elementor-animated-content elementor-widget elementor-widget-call-to-action\" data-id=\"3a3cf25\" data-element_type=\"widget\" data-e-type=\"widget\" data-widget_type=\"call-to-action.default\">\n\t\t\t\t<div class=\"elementor-widget-container\">\n\t\t\t\t\t\t\t<div class=\"elementor-cta\">\n\t\t\t\t\t<div class=\"elementor-cta__bg-wrapper\">\n\t\t\t\t<div class=\"elementor-cta__bg elementor-bg\" style=\"background-image: url(https:\/\/www.xperience-jaro.com\/wp-content\/uploads\/2024\/04\/hotel-quebec-chambre-4-B2YUC-2_Compressed-1.jpg);\" role=\"img\" aria-label=\"hotel-quebec-chambre-4-B2YUC-2_Compressed\"><\/div>\n\t\t\t\t<div class=\"elementor-cta__bg-overlay\"><\/div>\n\t\t\t<\/div>\n\t\t\t\t\t\t\t<div class=\"elementor-cta__content\">\n\t\t\t\t\n\t\t\t\t\t\t\t\t\t<h2 class=\"elementor-cta__title elementor-cta__content-item elementor-content-item\">\n\t\t\t\t\t\tLodging\t\t\t\t\t<\/h2>\n\t\t\t\t\n\t\t\t\t\t\t\t\t\t<div class=\"elementor-cta__description elementor-cta__content-item elementor-content-item\">\n\t\t\t\t\t\tCover part or all of a night\u2019s stay.\t\t\t\t\t<\/div>\n\t\t\t\t\n\t\t\t\t\t\t\t\t\t<div class=\"elementor-cta__button-wrapper elementor-cta__content-item elementor-content-item\">\n\t\t\t\t\t<a class=\"elementor-cta__button elementor-button elementor-size-\" href=\"https:\/\/www.xperience-jaro.com\/en\/echanger-points-hebergement\/\">\n\t\t\t\t\t\tRedeem\t\t\t\t\t<\/a>\n\t\t\t\t\t<\/div>\n\t\t\t\t\t\t\t<\/div>\n\t\t\t\t\t\t<\/div>\n\t\t\t\t\t\t<\/div>\n\t\t\t\t<\/div>\n\t\t\t\t<div class=\"elementor-element elementor-element-575b5d3 elementor-cta--layout-image-above bloc_utilisez elementor-cta--skin-classic elementor-animated-content elementor-widget elementor-widget-call-to-action\" data-id=\"575b5d3\" data-element_type=\"widget\" data-e-type=\"widget\" data-widget_type=\"call-to-action.default\">\n\t\t\t\t<div class=\"elementor-widget-container\">\n\t\t\t\t\t\t\t<div class=\"elementor-cta\">\n\t\t\t\t\t<div class=\"elementor-cta__bg-wrapper\">\n\t\t\t\t<div class=\"elementor-cta__bg elementor-bg\" style=\"background-image: url(https:\/\/www.xperience-jaro.com\/wp-content\/uploads\/2024\/05\/DSC0118-2.jpg);\" role=\"img\" aria-label=\"_DSC0118-2\"><\/div>\n\t\t\t\t<div class=\"elementor-cta__bg-overlay\"><\/div>\n\t\t\t<\/div>\n\t\t\t\t\t\t\t<div class=\"elementor-cta__content\">\n\t\t\t\t\n\t\t\t\t\t\t\t\t\t<h2 class=\"elementor-cta__title elementor-cta__content-item elementor-content-item\">\n\t\t\t\t\t\tGift to a Friend\t\t\t\t\t<\/h2>\n\t\t\t\t\n\t\t\t\t\t\t\t\t\t<div class=\"elementor-cta__description elementor-cta__content-item elementor-content-item\">\n\t\t\t\t\t\tOffer a free night\u2019s stay to a friend.\t\t\t\t\t<\/div>\n\t\t\t\t\n\t\t\t\t\t\t\t\t\t<div class=\"elementor-cta__button-wrapper elementor-cta__content-item elementor-content-item\">\n\t\t\t\t\t<a class=\"elementor-cta__button elementor-button elementor-size-\" href=\"https:\/\/www.xperience-jaro.com\/en\/demande-dutilisation-offrir\/\">\n\t\t\t\t\t\tRedeem\t\t\t\t\t<\/a>\n\t\t\t\t\t<\/div>\n\t\t\t\t\t\t\t<\/div>\n\t\t\t\t\t\t<\/div>\n\t\t\t\t\t\t<\/div>\n\t\t\t\t<\/div>\n\t\t\t\t\t<\/div>\n\t\t\t\t<\/div>\n\t\t<div class=\"elementor-element elementor-element-eb56e52 e-grid e-con-boxed e-con e-parent\" data-id=\"eb56e52\" data-element_type=\"container\" data-e-type=\"container\">\n\t\t\t\t\t<div class=\"e-con-inner\">\n\t\t\t\t<div class=\"elementor-element elementor-element-8506299 elementor-cta--layout-image-above bloc_utilisez elementor-cta--skin-classic elementor-animated-content elementor-widget elementor-widget-call-to-action\" data-id=\"8506299\" data-element_type=\"widget\" data-e-type=\"widget\" data-widget_type=\"call-to-action.default\">\n\t\t\t\t<div class=\"elementor-widget-container\">\n\t\t\t\t\t\t\t<div class=\"elementor-cta\">\n\t\t\t\t\t<div class=\"elementor-cta__bg-wrapper\">\n\t\t\t\t<div class=\"elementor-cta__bg elementor-bg\" style=\"background-image: url(https:\/\/www.xperience-jaro.com\/wp-content\/uploads\/2024\/05\/Gift-Card-Mockup2-scaled.jpg);\" role=\"img\" aria-label=\"Gift Card Mockup2\"><\/div>\n\t\t\t\t<div class=\"elementor-cta__bg-overlay\"><\/div>\n\t\t\t<\/div>\n\t\t\t\t\t\t\t<div class=\"elementor-cta__content\">\n\t\t\t\t\n\t\t\t\t\t\t\t\t\t<h2 class=\"elementor-cta__title elementor-cta__content-item elementor-content-item\">\n\t\t\t\t\t\tGift Card\t\t\t\t\t<\/h2>\n\t\t\t\t\n\t\t\t\t\t\t\t\t\t<div class=\"elementor-cta__description elementor-cta__content-item elementor-content-item\">\n\t\t\t\t\t\t<span style=\"font-size: 18px;font-weight: bold\">30,000 points<\/span><br>\n\nReceive a $100 gift card\t\t\t\t\t<\/div>\n\t\t\t\t\n\t\t\t\t\t\t\t\t\t<div class=\"elementor-cta__button-wrapper elementor-cta__content-item elementor-content-item\">\n\t\t\t\t\t<a class=\"elementor-cta__button elementor-button elementor-size-\" href=\"https:\/\/www.xperience-jaro.com\/en\/echanger-points-carte-cadeau\/\">\n\t\t\t\t\t\tRedeem\t\t\t\t\t<\/a>\n\t\t\t\t\t<\/div>\n\t\t\t\t\t\t\t<\/div>\n\t\t\t\t\t\t<\/div>\n\t\t\t\t\t\t<\/div>\n\t\t\t\t<\/div>\n\t\t\t\t<div class=\"elementor-element elementor-element-2787a47 elementor-cta--layout-image-above bloc_utilisez elementor-cta--skin-classic elementor-animated-content elementor-widget elementor-widget-call-to-action\" data-id=\"2787a47\" data-element_type=\"widget\" data-e-type=\"widget\" data-widget_type=\"call-to-action.default\">\n\t\t\t\t<div class=\"elementor-widget-container\">\n\t\t\t\t\t\t\t<div class=\"elementor-cta\">\n\t\t\t\t\t<div class=\"elementor-cta__bg-wrapper\">\n\t\t\t\t<div class=\"elementor-cta__bg elementor-bg\" style=\"background-image: url(https:\/\/www.xperience-jaro.com\/wp-content\/uploads\/2024\/05\/DSC09469-1-scaled.jpg);\" role=\"img\" aria-label=\"DSC09469 (1)\"><\/div>\n\t\t\t\t<div class=\"elementor-cta__bg-overlay\"><\/div>\n\t\t\t<\/div>\n\t\t\t\t\t\t\t<div class=\"elementor-cta__content\">\n\t\t\t\t\n\t\t\t\t\t\t\t\t\t<h2 class=\"elementor-cta__title elementor-cta__content-item elementor-content-item\">\n\t\t\t\t\t\tJARO Exclusivity\t\t\t\t\t<\/h2>\n\t\t\t\t\n\t\t\t\t\t\t\t\t\t<div class=\"elementor-cta__description elementor-cta__content-item elementor-content-item\">\n\t\t\t\t\t\t<span style=\"font-size: 18px;font-weight: bold\">9.500 points<\/span><br>\n\nBring home a JARO souvenir!\t\t\t\t\t<\/div>\n\t\t\t\t\n\t\t\t\t\t\t\t\t\t<div class=\"elementor-cta__button-wrapper elementor-cta__content-item elementor-content-item\">\n\t\t\t\t\t<a class=\"elementor-cta__button elementor-button elementor-size-\" href=\"https:\/\/www.xperience-jaro.com\/en\/echanger-points-souvenir\/\">\n\t\t\t\t\t\tRedeem\t\t\t\t\t<\/a>\n\t\t\t\t\t<\/div>\n\t\t\t\t\t\t\t<\/div>\n\t\t\t\t\t\t<\/div>\n\t\t\t\t\t\t<\/div>\n\t\t\t\t<\/div>\n\t\t\t\t\t<\/div>\n\t\t\t\t<\/div>\n\t\t\t\t<\/div>","protected":false},"excerpt":{"rendered":"<p>\u00c9changez vos points d\u00e8s maintenant ! Profitez des avantages exclusifs aux membres Xperience JARO H\u00e9bergement R\u00e9glez une partie ou la [&hellip;]<\/p>\n","protected":false},"author":1,"featured_media":0,"parent":0,"menu_order":0,"comment_status":"closed","ping_status":"closed","template":"","meta":{"site-sidebar-layout":"no-sidebar","site-content-layout":"","ast-site-content-layout":"full-width-container","site-content-style":"default","site-sidebar-style":"default","ast-global-header-display":"","ast-banner-title-visibility":"","ast-main-header-display":"","ast-hfb-above-header-display":"","ast-hfb-below-header-display":"","ast-hfb-mobile-header-display":"","site-post-title":"disabled","ast-breadcrumbs-content":"","ast-featured-img":"disabled","footer-sml-layout":"","ast-disable-related-posts":"","theme-transparent-header-meta":"","adv-header-id-meta":"","stick-header-meta":"","header-above-stick-meta":"","header-main-stick-meta":"","header-below-stick-meta":"","astra-migrate-meta-layouts":"default","ast-page-background-enabled":"default","ast-page-background-meta":{"desktop":{"background-color":"var(--ast-global-color-4)","background-image":"","background-repeat":"repeat","background-position":"center center","background-size":"auto","background-attachment":"scroll","background-type":"","background-media":"","overlay-type":"","overlay-color":"","overlay-opacity":"","overlay-gradient":""},"tablet":{"background-color":"","background-image":"","background-repeat":"repeat","background-position":"center center","background-size":"auto","background-attachment":"scroll","background-type":"","background-media":"","overlay-type":"","overlay-color":"","overlay-opacity":"","overlay-gradient":""},"mobile":{"background-color":"","background-image":"","background-repeat":"repeat","background-position":"center center","background-size":"auto","background-attachment":"scroll","background-type":"","background-media":"","overlay-type":"","overlay-color":"","overlay-opacity":"","overlay-gradient":""}},"ast-content-background-meta":{"desktop":{"background-color":"var(--ast-global-color-5)","background-image":"","background-repeat":"repeat","background-position":"center center","background-size":"auto","background-attachment":"scroll","background-type":"","background-media":"","overlay-type":"","overlay-color":"","overlay-opacity":"","overlay-gradient":""},"tablet":{"background-color":"var(--ast-global-color-5)","background-image":"","background-repeat":"repeat","background-position":"center center","background-size":"auto","background-attachment":"scroll","background-type":"","background-media":"","overlay-type":"","overlay-color":"","overlay-opacity":"","overlay-gradient":""},"mobile":{"background-color":"var(--ast-global-color-5)","background-image":"","background-repeat":"repeat","background-position":"center center","background-size":"auto","background-attachment":"scroll","background-type":"","background-media":"","overlay-type":"","overlay-color":"","overlay-opacity":"","overlay-gradient":""}},"footnotes":""},"class_list":["post-2091","page","type-page","status-publish","hentry"],"yoast_head":"<!-- This site is optimized with the Yoast SEO plugin v27.5 - https:\/\/yoast.com\/product\/yoast-seo-wordpress\/ -->\n<title>\u00c9changer - xperience-jaro.com<\/title>\n<meta name=\"robots\" content=\"index, follow, max-snippet:-1, max-image-preview:large, max-video-preview:-1\" \/>\n<link rel=\"canonical\" href=\"https:\/\/www.xperience-jaro.com\/en\/echanger\/\" \/>\n<meta property=\"og:locale\" content=\"en_US\" \/>\n<meta property=\"og:type\" content=\"article\" \/>\n<meta property=\"og:title\" content=\"\u00c9changer - xperience-jaro.com\" \/>\n<meta property=\"og:description\" content=\"\u00c9changez vos points d\u00e8s maintenant ! Profitez des avantages exclusifs aux membres Xperience JARO H\u00e9bergement R\u00e9glez une partie ou la [&hellip;]\" \/>\n<meta property=\"og:url\" content=\"https:\/\/www.xperience-jaro.com\/en\/echanger\/\" \/>\n<meta property=\"og:site_name\" content=\"xperience-jaro.com\" \/>\n<meta property=\"article:publisher\" content=\"https:\/\/www.facebook.com\/hotelsjaro?rf=127555693946406\" \/>\n<meta property=\"article:modified_time\" content=\"2024-06-12T19:30:14+00:00\" \/>\n<meta name=\"twitter:card\" content=\"summary_large_image\" \/>\n<meta name=\"twitter:label1\" content=\"Est. reading time\" \/>\n\t<meta name=\"twitter:data1\" content=\"1 minute\" \/>\n<script type=\"application\/ld+json\" class=\"yoast-schema-graph\">{\"@context\":\"https:\\\/\\\/schema.org\",\"@graph\":[{\"@type\":\"WebPage\",\"@id\":\"https:\\\/\\\/www.xperience-jaro.com\\\/echanger\\\/\",\"url\":\"https:\\\/\\\/www.xperience-jaro.com\\\/echanger\\\/\",\"name\":\"\u00c9changer - xperience-jaro.com\",\"isPartOf\":{\"@id\":\"https:\\\/\\\/www.xperience-jaro.com\\\/#website\"},\"datePublished\":\"2024-04-12T13:23:19+00:00\",\"dateModified\":\"2024-06-12T19:30:14+00:00\",\"breadcrumb\":{\"@id\":\"https:\\\/\\\/www.xperience-jaro.com\\\/echanger\\\/#breadcrumb\"},\"inLanguage\":\"en-US\",\"potentialAction\":[{\"@type\":\"ReadAction\",\"target\":[\"https:\\\/\\\/www.xperience-jaro.com\\\/echanger\\\/\"]}]},{\"@type\":\"BreadcrumbList\",\"@id\":\"https:\\\/\\\/www.xperience-jaro.com\\\/echanger\\\/#breadcrumb\",\"itemListElement\":[{\"@type\":\"ListItem\",\"position\":1,\"name\":\"Accueil\",\"item\":\"https:\\\/\\\/www.xperience-jaro.com\\\/\"},{\"@type\":\"ListItem\",\"position\":2,\"name\":\"\u00c9changer\"}]},{\"@type\":\"WebSite\",\"@id\":\"https:\\\/\\\/www.xperience-jaro.com\\\/#website\",\"url\":\"https:\\\/\\\/www.xperience-jaro.com\\\/\",\"name\":\"xperience-jaro.com\",\"description\":\"Profitez des avantages de notre programme de loyaut\u00e9 Xperience JARO!\",\"publisher\":{\"@id\":\"https:\\\/\\\/www.xperience-jaro.com\\\/#organization\"},\"potentialAction\":[{\"@type\":\"SearchAction\",\"target\":{\"@type\":\"EntryPoint\",\"urlTemplate\":\"https:\\\/\\\/www.xperience-jaro.com\\\/?s={search_term_string}\"},\"query-input\":{\"@type\":\"PropertyValueSpecification\",\"valueRequired\":true,\"valueName\":\"search_term_string\"}}],\"inLanguage\":\"en-US\"},{\"@type\":\"Organization\",\"@id\":\"https:\\\/\\\/www.xperience-jaro.com\\\/#organization\",\"name\":\"xperience-jaro.com\",\"url\":\"https:\\\/\\\/www.xperience-jaro.com\\\/\",\"logo\":{\"@type\":\"ImageObject\",\"inLanguage\":\"en-US\",\"@id\":\"https:\\\/\\\/www.xperience-jaro.com\\\/#\\\/schema\\\/logo\\\/image\\\/\",\"url\":\"https:\\\/\\\/www.xperience-jaro.com\\\/wp-content\\\/uploads\\\/2024\\\/04\\\/Logo-favicon.png\",\"contentUrl\":\"https:\\\/\\\/www.xperience-jaro.com\\\/wp-content\\\/uploads\\\/2024\\\/04\\\/Logo-favicon.png\",\"width\":300,\"height\":300,\"caption\":\"xperience-jaro.com\"},\"image\":{\"@id\":\"https:\\\/\\\/www.xperience-jaro.com\\\/#\\\/schema\\\/logo\\\/image\\\/\"},\"sameAs\":[\"https:\\\/\\\/www.facebook.com\\\/hotelsjaro?rf=127555693946406\",\"https:\\\/\\\/www.instagram.com\\\/leshotelsjaro\\\/\",\"https:\\\/\\\/www.linkedin.com\\\/company\\\/les-h-tels-jaro\\\/\",\"https:\\\/\\\/www.youtube.com\\\/HotelsJARO\",\"https:\\\/\\\/www.tiktok.com\\\/@hotelsjaro\"]}]}<\/script>\n<!-- \/ Yoast SEO plugin. -->","yoast_head_json":{"title":"\u00c9changer - xperience-jaro.com","robots":{"index":"index","follow":"follow","max-snippet":"max-snippet:-1","max-image-preview":"max-image-preview:large","max-video-preview":"max-video-preview:-1"},"canonical":"https:\/\/www.xperience-jaro.com\/en\/echanger\/","og_locale":"en_US","og_type":"article","og_title":"\u00c9changer - xperience-jaro.com","og_description":"\u00c9changez vos points d\u00e8s maintenant ! Profitez des avantages exclusifs aux membres Xperience JARO H\u00e9bergement R\u00e9glez une partie ou la [&hellip;]","og_url":"https:\/\/www.xperience-jaro.com\/en\/echanger\/","og_site_name":"xperience-jaro.com","article_publisher":"https:\/\/www.facebook.com\/hotelsjaro?rf=127555693946406","article_modified_time":"2024-06-12T19:30:14+00:00","twitter_card":"summary_large_image","twitter_misc":{"Est. reading time":"1 minute"},"schema":{"@context":"https:\/\/schema.org","@graph":[{"@type":"WebPage","@id":"https:\/\/www.xperience-jaro.com\/echanger\/","url":"https:\/\/www.xperience-jaro.com\/echanger\/","name":"\u00c9changer - xperience-jaro.com","isPartOf":{"@id":"https:\/\/www.xperience-jaro.com\/#website"},"datePublished":"2024-04-12T13:23:19+00:00","dateModified":"2024-06-12T19:30:14+00:00","breadcrumb":{"@id":"https:\/\/www.xperience-jaro.com\/echanger\/#breadcrumb"},"inLanguage":"en-US","potentialAction":[{"@type":"ReadAction","target":["https:\/\/www.xperience-jaro.com\/echanger\/"]}]},{"@type":"BreadcrumbList","@id":"https:\/\/www.xperience-jaro.com\/echanger\/#breadcrumb","itemListElement":[{"@type":"ListItem","position":1,"name":"Accueil","item":"https:\/\/www.xperience-jaro.com\/"},{"@type":"ListItem","position":2,"name":"\u00c9changer"}]},{"@type":"WebSite","@id":"https:\/\/www.xperience-jaro.com\/#website","url":"https:\/\/www.xperience-jaro.com\/","name":"xperience-jaro.com","description":"Xperience the advantages of our loyalty program!","publisher":{"@id":"https:\/\/www.xperience-jaro.com\/#organization"},"potentialAction":[{"@type":"SearchAction","target":{"@type":"EntryPoint","urlTemplate":"https:\/\/www.xperience-jaro.com\/?s={search_term_string}"},"query-input":{"@type":"PropertyValueSpecification","valueRequired":true,"valueName":"search_term_string"}}],"inLanguage":"en-US"},{"@type":"Organization","@id":"https:\/\/www.xperience-jaro.com\/#organization","name":"xperience-jaro.com","url":"https:\/\/www.xperience-jaro.com\/","logo":{"@type":"ImageObject","inLanguage":"en-US","@id":"https:\/\/www.xperience-jaro.com\/#\/schema\/logo\/image\/","url":"https:\/\/www.xperience-jaro.com\/wp-content\/uploads\/2024\/04\/Logo-favicon.png","contentUrl":"https:\/\/www.xperience-jaro.com\/wp-content\/uploads\/2024\/04\/Logo-favicon.png","width":300,"height":300,"caption":"xperience-jaro.com"},"image":{"@id":"https:\/\/www.xperience-jaro.com\/#\/schema\/logo\/image\/"},"sameAs":["https:\/\/www.facebook.com\/hotelsjaro?rf=127555693946406","https:\/\/www.instagram.com\/leshotelsjaro\/","https:\/\/www.linkedin.com\/company\/les-h-tels-jaro\/","https:\/\/www.youtube.com\/HotelsJARO","https:\/\/www.tiktok.com\/@hotelsjaro"]}]}},"_links":{"self":[{"href":"https:\/\/www.xperience-jaro.com\/en\/wp-json\/wp\/v2\/pages\/2091","targetHints":{"allow":["GET"]}}],"collection":[{"href":"https:\/\/www.xperience-jaro.com\/en\/wp-json\/wp\/v2\/pages"}],"about":[{"href":"https:\/\/www.xperience-jaro.com\/en\/wp-json\/wp\/v2\/types\/page"}],"author":[{"embeddable":true,"href":"https:\/\/www.xperience-jaro.com\/en\/wp-json\/wp\/v2\/users\/1"}],"replies":[{"embeddable":true,"href":"https:\/\/www.xperience-jaro.com\/en\/wp-json\/wp\/v2\/comments?post=2091"}],"version-history":[{"count":372,"href":"https:\/\/www.xperience-jaro.com\/en\/wp-json\/wp\/v2\/pages\/2091\/revisions"}],"predecessor-version":[{"id":5807,"href":"https:\/\/www.xperience-jaro.com\/en\/wp-json\/wp\/v2\/pages\/2091\/revisions\/5807"}],"wp:attachment":[{"href":"https:\/\/www.xperience-jaro.com\/en\/wp-json\/wp\/v2\/media?parent=2091"}],"curies":[{"name":"wp","href":"https:\/\/api.w.org\/{rel}","templated":true}]}}