{"id":2380,"date":"2024-04-15T10:17:25","date_gmt":"2024-04-15T14:17:25","guid":{"rendered":"http:\/\/localhost\/xperience-jaro\/?page_id=2380"},"modified":"2024-07-11T08:57:42","modified_gmt":"2024-07-11T12:57:42","slug":"inscription-et-connexion","status":"publish","type":"page","link":"https:\/\/www.xperience-jaro.com\/en\/inscription-et-connexion\/","title":{"rendered":"Registration and Login"},"content":{"rendered":"<div data-elementor-type=\"wp-page\" data-elementor-id=\"2380\" class=\"elementor elementor-2380\" data-elementor-post-type=\"page\">\n\t\t\t\t\t\t<section class=\"elementor-section elementor-top-section elementor-element elementor-element-b075b5a elementor-section-boxed elementor-section-height-default elementor-section-height-default\" data-id=\"b075b5a\" data-element_type=\"section\" data-e-type=\"section\" data-settings=\"{&quot;background_background&quot;:&quot;classic&quot;}\">\n\t\t\t\t\t\t<div class=\"elementor-container elementor-column-gap-default\">\n\t\t\t\t\t<div class=\"elementor-column elementor-col-100 elementor-top-column elementor-element elementor-element-6ac44f1\" data-id=\"6ac44f1\" data-element_type=\"column\" data-e-type=\"column\">\n\t\t\t<div class=\"elementor-widget-wrap elementor-element-populated\">\n\t\t\t\t\t\t<div class=\"elementor-element elementor-element-eab591f elementor-widget elementor-widget-heading\" data-id=\"eab591f\" data-element_type=\"widget\" data-e-type=\"widget\" data-settings=\"{&quot;_animation&quot;:&quot;none&quot;}\" data-widget_type=\"heading.default\">\n\t\t\t\t<div class=\"elementor-widget-container\">\n\t\t\t\t\t<h2 class=\"elementor-heading-title elementor-size-default\">Start earning points with our Xperience JARO program<\/h2>\t\t\t\t<\/div>\n\t\t\t\t<\/div>\n\t\t\t\t\t<\/div>\n\t\t<\/div>\n\t\t\t\t\t<\/div>\n\t\t<\/section>\n\t\t<div class=\"elementor-element elementor-element-ecc7a62 e-flex e-con-boxed e-con e-parent\" data-id=\"ecc7a62\" data-element_type=\"container\" data-e-type=\"container\">\n\t\t\t\t\t<div class=\"e-con-inner\">\n\t\t\t\t<div class=\"elementor-element elementor-element-81b509a elementor-widget elementor-widget-text-editor\" data-id=\"81b509a\" data-element_type=\"widget\" data-e-type=\"widget\" data-widget_type=\"text-editor.default\">\n\t\t\t\t<div class=\"elementor-widget-container\">\n\t\t\t\t\t\t\t\t\t<p>You will be redirected to our secure platform Reseze.net<\/p>\t\t\t\t\t\t\t\t<\/div>\n\t\t\t\t<\/div>\n\t\t\t\t\t<\/div>\n\t\t\t\t<\/div>\n\t\t<div class=\"elementor-element elementor-element-1fbd0fa e-grid e-con-full e-con e-parent\" data-id=\"1fbd0fa\" data-element_type=\"container\" data-e-type=\"container\">\n\t\t\t\t<div class=\"elementor-element elementor-element-91e42d9 elementor-align-right elementor-tablet-align-right elementor-mobile-align-right elementor-widget elementor-widget-button\" data-id=\"91e42d9\" data-element_type=\"widget\" data-e-type=\"widget\" data-widget_type=\"button.default\">\n\t\t\t\t<div class=\"elementor-widget-container\">\n\t\t\t\t\t\t\t\t\t<div class=\"elementor-button-wrapper\">\n\t\t\t\t\t<a class=\"elementor-button elementor-button-link elementor-size-sm\" href=\"https:\/\/www.reseze.net\/servlet\/Register?hotelid=1545&amp;hiddenLoyaltyFlag=false&amp;skipfirstpage&amp;lang=en\" target=\"_blank\">\n\t\t\t\t\t\t<span class=\"elementor-button-content-wrapper\">\n\t\t\t\t\t\t\t\t\t<span class=\"elementor-button-text\">Registration<\/span>\n\t\t\t\t\t<\/span>\n\t\t\t\t\t<\/a>\n\t\t\t\t<\/div>\n\t\t\t\t\t\t\t\t<\/div>\n\t\t\t\t<\/div>\n\t\t\t\t<div class=\"elementor-element elementor-element-2444e0c elementor-align-left elementor-mobile-align-left elementor-widget elementor-widget-button\" data-id=\"2444e0c\" data-element_type=\"widget\" data-e-type=\"widget\" data-widget_type=\"button.default\">\n\t\t\t\t<div class=\"elementor-widget-container\">\n\t\t\t\t\t\t\t\t\t<div class=\"elementor-button-wrapper\">\n\t\t\t\t\t<a class=\"elementor-button elementor-button-link elementor-size-sm\" href=\"https:\/\/www.reseze.net\/servlet\/SendPage?page=signIn&amp;skipfirstpage&amp;hotelid=1545&amp;lang=en\" target=\"_blank\">\n\t\t\t\t\t\t<span class=\"elementor-button-content-wrapper\">\n\t\t\t\t\t\t\t\t\t<span class=\"elementor-button-text\">Login<\/span>\n\t\t\t\t\t<\/span>\n\t\t\t\t\t<\/a>\n\t\t\t\t<\/div>\n\t\t\t\t\t\t\t\t<\/div>\n\t\t\t\t<\/div>\n\t\t\t\t<\/div>\n\t\t\t\t<\/div>","protected":false},"excerpt":{"rendered":"<p>Commencez \u00e0 accumuler des points avec notre programme Xperience JARO Vous serez redirig\u00e9 vers notre plateforme s\u00e9curis\u00e9e Reseze.net Inscription Connexion<\/p>","protected":false},"author":1,"featured_media":3221,"parent":0,"menu_order":0,"comment_status":"closed","ping_status":"closed","template":"","meta":{"site-sidebar-layout":"no-sidebar","site-content-layout":"","ast-site-content-layout":"full-width-container","site-content-style":"default","site-sidebar-style":"default","ast-global-header-display":"","ast-banner-title-visibility":"","ast-main-header-display":"","ast-hfb-above-header-display":"","ast-hfb-below-header-display":"","ast-hfb-mobile-header-display":"","site-post-title":"disabled","ast-breadcrumbs-content":"","ast-featured-img":"disabled","footer-sml-layout":"","ast-disable-related-posts":"","theme-transparent-header-meta":"","adv-header-id-meta":"","stick-header-meta":"","header-above-stick-meta":"","header-main-stick-meta":"","header-below-stick-meta":"","astra-migrate-meta-layouts":"default","ast-page-background-enabled":"default","ast-page-background-meta":{"desktop":{"background-color":"var(--ast-global-color-4)","background-image":"","background-repeat":"repeat","background-position":"center center","background-size":"auto","background-attachment":"scroll","background-type":"","background-media":"","overlay-type":"","overlay-color":"","overlay-opacity":"","overlay-gradient":""},"tablet":{"background-color":"","background-image":"","background-repeat":"repeat","background-position":"center center","background-size":"auto","background-attachment":"scroll","background-type":"","background-media":"","overlay-type":"","overlay-color":"","overlay-opacity":"","overlay-gradient":""},"mobile":{"background-color":"","background-image":"","background-repeat":"repeat","background-position":"center center","background-size":"auto","background-attachment":"scroll","background-type":"","background-media":"","overlay-type":"","overlay-color":"","overlay-opacity":"","overlay-gradient":""}},"ast-content-background-meta":{"desktop":{"background-color":"var(--ast-global-color-5)","background-image":"","background-repeat":"repeat","background-position":"center center","background-size":"auto","background-attachment":"scroll","background-type":"","background-media":"","overlay-type":"","overlay-color":"","overlay-opacity":"","overlay-gradient":""},"tablet":{"background-color":"var(--ast-global-color-5)","background-image":"","background-repeat":"repeat","background-position":"center center","background-size":"auto","background-attachment":"scroll","background-type":"","background-media":"","overlay-type":"","overlay-color":"","overlay-opacity":"","overlay-gradient":""},"mobile":{"background-color":"var(--ast-global-color-5)","background-image":"","background-repeat":"repeat","background-position":"center center","background-size":"auto","background-attachment":"scroll","background-type":"","background-media":"","overlay-type":"","overlay-color":"","overlay-opacity":"","overlay-gradient":""}},"footnotes":""},"class_list":["post-2380","page","type-page","status-publish","has-post-thumbnail","hentry"],"yoast_head":"<!-- This site is optimized with the Yoast SEO plugin v27.4 - https:\/\/yoast.com\/product\/yoast-seo-wordpress\/ -->\n<title>Inscription et connexion - xperience-jaro.com<\/title>\n<meta name=\"description\" content=\"Le programme de fid\u00e9lit\u00e9 des H\u00f4tels JARO est gratuit et sans engagement. En vous inscrivant, vous b\u00e9n\u00e9ficierez de rabais et d&#039;avantages.\" \/>\n<meta name=\"robots\" content=\"index, follow, max-snippet:-1, max-image-preview:large, max-video-preview:-1\" \/>\n<link rel=\"canonical\" href=\"https:\/\/www.xperience-jaro.com\/en\/inscription-et-connexion\/\" \/>\n<meta property=\"og:locale\" content=\"en_US\" \/>\n<meta property=\"og:type\" content=\"article\" \/>\n<meta property=\"og:title\" content=\"Inscription et connexion - xperience-jaro.com\" \/>\n<meta property=\"og:description\" content=\"Le programme de fid\u00e9lit\u00e9 des H\u00f4tels JARO est gratuit et sans engagement. En vous inscrivant, vous b\u00e9n\u00e9ficierez de rabais et d&#039;avantages.\" \/>\n<meta property=\"og:url\" content=\"https:\/\/www.xperience-jaro.com\/en\/inscription-et-connexion\/\" \/>\n<meta property=\"og:site_name\" content=\"xperience-jaro.com\" \/>\n<meta property=\"article:publisher\" content=\"https:\/\/www.facebook.com\/hotelsjaro?rf=127555693946406\" \/>\n<meta property=\"article:modified_time\" content=\"2024-07-11T12:57:42+00:00\" \/>\n<meta property=\"og:image\" content=\"https:\/\/www.xperience-jaro.com\/wp-content\/uploads\/2024\/04\/Promotion_Top-1.jpg\" \/>\n\t<meta property=\"og:image:width\" content=\"1920\" \/>\n\t<meta property=\"og:image:height\" content=\"1080\" \/>\n\t<meta property=\"og:image:type\" content=\"image\/jpeg\" \/>\n<meta name=\"twitter:card\" content=\"summary_large_image\" \/>\n<meta name=\"twitter:label1\" content=\"Est. reading time\" \/>\n\t<meta name=\"twitter:data1\" content=\"1 minute\" \/>\n<script type=\"application\/ld+json\" class=\"yoast-schema-graph\">{\"@context\":\"https:\\\/\\\/schema.org\",\"@graph\":[{\"@type\":\"WebPage\",\"@id\":\"https:\\\/\\\/www.xperience-jaro.com\\\/inscription-et-connexion\\\/\",\"url\":\"https:\\\/\\\/www.xperience-jaro.com\\\/inscription-et-connexion\\\/\",\"name\":\"Inscription et connexion - xperience-jaro.com\",\"isPartOf\":{\"@id\":\"https:\\\/\\\/www.xperience-jaro.com\\\/#website\"},\"primaryImageOfPage\":{\"@id\":\"https:\\\/\\\/www.xperience-jaro.com\\\/inscription-et-connexion\\\/#primaryimage\"},\"image\":{\"@id\":\"https:\\\/\\\/www.xperience-jaro.com\\\/inscription-et-connexion\\\/#primaryimage\"},\"thumbnailUrl\":\"https:\\\/\\\/www.xperience-jaro.com\\\/wp-content\\\/uploads\\\/2024\\\/04\\\/Promotion_Top-1.jpg\",\"datePublished\":\"2024-04-15T14:17:25+00:00\",\"dateModified\":\"2024-07-11T12:57:42+00:00\",\"description\":\"Le programme de fid\u00e9lit\u00e9 des H\u00f4tels JARO est gratuit et sans engagement. En vous inscrivant, vous b\u00e9n\u00e9ficierez de rabais et d'avantages.\",\"breadcrumb\":{\"@id\":\"https:\\\/\\\/www.xperience-jaro.com\\\/inscription-et-connexion\\\/#breadcrumb\"},\"inLanguage\":\"en-US\",\"potentialAction\":[{\"@type\":\"ReadAction\",\"target\":[\"https:\\\/\\\/www.xperience-jaro.com\\\/inscription-et-connexion\\\/\"]}]},{\"@type\":\"ImageObject\",\"inLanguage\":\"en-US\",\"@id\":\"https:\\\/\\\/www.xperience-jaro.com\\\/inscription-et-connexion\\\/#primaryimage\",\"url\":\"https:\\\/\\\/www.xperience-jaro.com\\\/wp-content\\\/uploads\\\/2024\\\/04\\\/Promotion_Top-1.jpg\",\"contentUrl\":\"https:\\\/\\\/www.xperience-jaro.com\\\/wp-content\\\/uploads\\\/2024\\\/04\\\/Promotion_Top-1.jpg\",\"width\":1920,\"height\":1080},{\"@type\":\"BreadcrumbList\",\"@id\":\"https:\\\/\\\/www.xperience-jaro.com\\\/inscription-et-connexion\\\/#breadcrumb\",\"itemListElement\":[{\"@type\":\"ListItem\",\"position\":1,\"name\":\"Accueil\",\"item\":\"https:\\\/\\\/www.xperience-jaro.com\\\/\"},{\"@type\":\"ListItem\",\"position\":2,\"name\":\"Inscription et connexion\"}]},{\"@type\":\"WebSite\",\"@id\":\"https:\\\/\\\/www.xperience-jaro.com\\\/#website\",\"url\":\"https:\\\/\\\/www.xperience-jaro.com\\\/\",\"name\":\"xperience-jaro.com\",\"description\":\"Profitez des avantages de notre programme de loyaut\u00e9 Xperience JARO!\",\"publisher\":{\"@id\":\"https:\\\/\\\/www.xperience-jaro.com\\\/#organization\"},\"potentialAction\":[{\"@type\":\"SearchAction\",\"target\":{\"@type\":\"EntryPoint\",\"urlTemplate\":\"https:\\\/\\\/www.xperience-jaro.com\\\/?s={search_term_string}\"},\"query-input\":{\"@type\":\"PropertyValueSpecification\",\"valueRequired\":true,\"valueName\":\"search_term_string\"}}],\"inLanguage\":\"en-US\"},{\"@type\":\"Organization\",\"@id\":\"https:\\\/\\\/www.xperience-jaro.com\\\/#organization\",\"name\":\"xperience-jaro.com\",\"url\":\"https:\\\/\\\/www.xperience-jaro.com\\\/\",\"logo\":{\"@type\":\"ImageObject\",\"inLanguage\":\"en-US\",\"@id\":\"https:\\\/\\\/www.xperience-jaro.com\\\/#\\\/schema\\\/logo\\\/image\\\/\",\"url\":\"https:\\\/\\\/www.xperience-jaro.com\\\/wp-content\\\/uploads\\\/2024\\\/04\\\/Logo-favicon.png\",\"contentUrl\":\"https:\\\/\\\/www.xperience-jaro.com\\\/wp-content\\\/uploads\\\/2024\\\/04\\\/Logo-favicon.png\",\"width\":300,\"height\":300,\"caption\":\"xperience-jaro.com\"},\"image\":{\"@id\":\"https:\\\/\\\/www.xperience-jaro.com\\\/#\\\/schema\\\/logo\\\/image\\\/\"},\"sameAs\":[\"https:\\\/\\\/www.facebook.com\\\/hotelsjaro?rf=127555693946406\",\"https:\\\/\\\/www.instagram.com\\\/leshotelsjaro\\\/\",\"https:\\\/\\\/www.linkedin.com\\\/company\\\/les-h-tels-jaro\\\/\",\"https:\\\/\\\/www.youtube.com\\\/HotelsJARO\",\"https:\\\/\\\/www.tiktok.com\\\/@hotelsjaro\"]}]}<\/script>\n<!-- \/ Yoast SEO plugin. -->","yoast_head_json":{"title":"Inscription et connexion - xperience-jaro.com","description":"Le programme de fid\u00e9lit\u00e9 des H\u00f4tels JARO est gratuit et sans engagement. En vous inscrivant, vous b\u00e9n\u00e9ficierez de rabais et d'avantages.","robots":{"index":"index","follow":"follow","max-snippet":"max-snippet:-1","max-image-preview":"max-image-preview:large","max-video-preview":"max-video-preview:-1"},"canonical":"https:\/\/www.xperience-jaro.com\/en\/inscription-et-connexion\/","og_locale":"en_US","og_type":"article","og_title":"Inscription et connexion - xperience-jaro.com","og_description":"Le programme de fid\u00e9lit\u00e9 des H\u00f4tels JARO est gratuit et sans engagement. En vous inscrivant, vous b\u00e9n\u00e9ficierez de rabais et d'avantages.","og_url":"https:\/\/www.xperience-jaro.com\/en\/inscription-et-connexion\/","og_site_name":"xperience-jaro.com","article_publisher":"https:\/\/www.facebook.com\/hotelsjaro?rf=127555693946406","article_modified_time":"2024-07-11T12:57:42+00:00","og_image":[{"width":1920,"height":1080,"url":"https:\/\/www.xperience-jaro.com\/wp-content\/uploads\/2024\/04\/Promotion_Top-1.jpg","type":"image\/jpeg"}],"twitter_card":"summary_large_image","twitter_misc":{"Est. reading time":"1 minute"},"schema":{"@context":"https:\/\/schema.org","@graph":[{"@type":"WebPage","@id":"https:\/\/www.xperience-jaro.com\/inscription-et-connexion\/","url":"https:\/\/www.xperience-jaro.com\/inscription-et-connexion\/","name":"Inscription et connexion - xperience-jaro.com","isPartOf":{"@id":"https:\/\/www.xperience-jaro.com\/#website"},"primaryImageOfPage":{"@id":"https:\/\/www.xperience-jaro.com\/inscription-et-connexion\/#primaryimage"},"image":{"@id":"https:\/\/www.xperience-jaro.com\/inscription-et-connexion\/#primaryimage"},"thumbnailUrl":"https:\/\/www.xperience-jaro.com\/wp-content\/uploads\/2024\/04\/Promotion_Top-1.jpg","datePublished":"2024-04-15T14:17:25+00:00","dateModified":"2024-07-11T12:57:42+00:00","description":"Le programme de fid\u00e9lit\u00e9 des H\u00f4tels JARO est gratuit et sans engagement. En vous inscrivant, vous b\u00e9n\u00e9ficierez de rabais et d'avantages.","breadcrumb":{"@id":"https:\/\/www.xperience-jaro.com\/inscription-et-connexion\/#breadcrumb"},"inLanguage":"en-US","potentialAction":[{"@type":"ReadAction","target":["https:\/\/www.xperience-jaro.com\/inscription-et-connexion\/"]}]},{"@type":"ImageObject","inLanguage":"en-US","@id":"https:\/\/www.xperience-jaro.com\/inscription-et-connexion\/#primaryimage","url":"https:\/\/www.xperience-jaro.com\/wp-content\/uploads\/2024\/04\/Promotion_Top-1.jpg","contentUrl":"https:\/\/www.xperience-jaro.com\/wp-content\/uploads\/2024\/04\/Promotion_Top-1.jpg","width":1920,"height":1080},{"@type":"BreadcrumbList","@id":"https:\/\/www.xperience-jaro.com\/inscription-et-connexion\/#breadcrumb","itemListElement":[{"@type":"ListItem","position":1,"name":"Accueil","item":"https:\/\/www.xperience-jaro.com\/"},{"@type":"ListItem","position":2,"name":"Inscription et connexion"}]},{"@type":"WebSite","@id":"https:\/\/www.xperience-jaro.com\/#website","url":"https:\/\/www.xperience-jaro.com\/","name":"xperience-jaro.com","description":"Xperience the advantages of our loyalty program!","publisher":{"@id":"https:\/\/www.xperience-jaro.com\/#organization"},"potentialAction":[{"@type":"SearchAction","target":{"@type":"EntryPoint","urlTemplate":"https:\/\/www.xperience-jaro.com\/?s={search_term_string}"},"query-input":{"@type":"PropertyValueSpecification","valueRequired":true,"valueName":"search_term_string"}}],"inLanguage":"en-US"},{"@type":"Organization","@id":"https:\/\/www.xperience-jaro.com\/#organization","name":"xperience-jaro.com","url":"https:\/\/www.xperience-jaro.com\/","logo":{"@type":"ImageObject","inLanguage":"en-US","@id":"https:\/\/www.xperience-jaro.com\/#\/schema\/logo\/image\/","url":"https:\/\/www.xperience-jaro.com\/wp-content\/uploads\/2024\/04\/Logo-favicon.png","contentUrl":"https:\/\/www.xperience-jaro.com\/wp-content\/uploads\/2024\/04\/Logo-favicon.png","width":300,"height":300,"caption":"xperience-jaro.com"},"image":{"@id":"https:\/\/www.xperience-jaro.com\/#\/schema\/logo\/image\/"},"sameAs":["https:\/\/www.facebook.com\/hotelsjaro?rf=127555693946406","https:\/\/www.instagram.com\/leshotelsjaro\/","https:\/\/www.linkedin.com\/company\/les-h-tels-jaro\/","https:\/\/www.youtube.com\/HotelsJARO","https:\/\/www.tiktok.com\/@hotelsjaro"]}]}},"_links":{"self":[{"href":"https:\/\/www.xperience-jaro.com\/en\/wp-json\/wp\/v2\/pages\/2380","targetHints":{"allow":["GET"]}}],"collection":[{"href":"https:\/\/www.xperience-jaro.com\/en\/wp-json\/wp\/v2\/pages"}],"about":[{"href":"https:\/\/www.xperience-jaro.com\/en\/wp-json\/wp\/v2\/types\/page"}],"author":[{"embeddable":true,"href":"https:\/\/www.xperience-jaro.com\/en\/wp-json\/wp\/v2\/users\/1"}],"replies":[{"embeddable":true,"href":"https:\/\/www.xperience-jaro.com\/en\/wp-json\/wp\/v2\/comments?post=2380"}],"version-history":[{"count":94,"href":"https:\/\/www.xperience-jaro.com\/en\/wp-json\/wp\/v2\/pages\/2380\/revisions"}],"predecessor-version":[{"id":4409,"href":"https:\/\/www.xperience-jaro.com\/en\/wp-json\/wp\/v2\/pages\/2380\/revisions\/4409"}],"wp:featuredmedia":[{"embeddable":true,"href":"https:\/\/www.xperience-jaro.com\/en\/wp-json\/wp\/v2\/media\/3221"}],"wp:attachment":[{"href":"https:\/\/www.xperience-jaro.com\/en\/wp-json\/wp\/v2\/media?parent=2380"}],"curies":[{"name":"wp","href":"https:\/\/api.w.org\/{rel}","templated":true}]}}