{"id":3551,"date":"2024-04-29T10:40:48","date_gmt":"2024-04-29T14:40:48","guid":{"rendered":"https:\/\/preprod.xperience-jaro.com\/?page_id=3551"},"modified":"2024-06-13T09:49:58","modified_gmt":"2024-06-13T13:49:58","slug":"echanger-points-carte-cadeau","status":"publish","type":"page","link":"https:\/\/www.xperience-jaro.com\/en\/echanger-points-carte-cadeau\/","title":{"rendered":"Demande d&rsquo;utilisation Carte-cadeau"},"content":{"rendered":"\t\t<div data-elementor-type=\"wp-page\" data-elementor-id=\"3551\" class=\"elementor elementor-3551\" data-elementor-post-type=\"page\">\n\t\t\t\t\t\t<section class=\"elementor-section elementor-top-section elementor-element elementor-element-b075b5a elementor-section-boxed elementor-section-height-default elementor-section-height-default\" data-id=\"b075b5a\" data-element_type=\"section\" data-e-type=\"section\" data-settings=\"{&quot;background_background&quot;:&quot;classic&quot;}\">\n\t\t\t\t\t\t<div class=\"elementor-container elementor-column-gap-default\">\n\t\t\t\t\t<div class=\"elementor-column elementor-col-100 elementor-top-column elementor-element elementor-element-bf48137\" data-id=\"bf48137\" data-element_type=\"column\" data-e-type=\"column\">\n\t\t\t<div class=\"elementor-widget-wrap elementor-element-populated\">\n\t\t\t\t\t\t<div class=\"elementor-element elementor-element-63211a6 elementor-widget elementor-widget-heading\" data-id=\"63211a6\" data-element_type=\"widget\" data-e-type=\"widget\" data-settings=\"{&quot;_animation&quot;:&quot;none&quot;}\" data-widget_type=\"heading.default\">\n\t\t\t\t<div class=\"elementor-widget-container\">\n\t\t\t\t\t<h2 class=\"elementor-heading-title elementor-size-default\">Demande d'\u00e9change de points<\/h2>\t\t\t\t<\/div>\n\t\t\t\t<\/div>\n\t\t\t\t<div class=\"elementor-element elementor-element-99600b5 elementor-widget elementor-widget-heading\" data-id=\"99600b5\" data-element_type=\"widget\" data-e-type=\"widget\" data-widget_type=\"heading.default\">\n\t\t\t\t<div class=\"elementor-widget-container\">\n\t\t\t\t\t<h2 class=\"elementor-heading-title elementor-size-default\">Carte-cadeau<\/h2>\t\t\t\t<\/div>\n\t\t\t\t<\/div>\n\t\t\t\t\t<\/div>\n\t\t<\/div>\n\t\t\t\t\t<\/div>\n\t\t<\/section>\n\t\t<div class=\"elementor-element elementor-element-1829c43 e-flex e-con-boxed e-con e-parent\" data-id=\"1829c43\" data-element_type=\"container\" data-e-type=\"container\">\n\t\t\t\t\t<div class=\"e-con-inner\">\n\t\t\t\t<div class=\"elementor-element elementor-element-3b6d0e0 elementor-button-align-start elementor-tablet-button-align-stretch elementor-widget elementor-widget-form\" data-id=\"3b6d0e0\" data-element_type=\"widget\" data-e-type=\"widget\" data-settings=\"{&quot;step_next_label&quot;:&quot;Suivant&quot;,&quot;step_previous_label&quot;:&quot;Pr\\u00e9c\\u00e9dent&quot;,&quot;button_width&quot;:&quot;100&quot;,&quot;step_type&quot;:&quot;number_text&quot;,&quot;step_icon_shape&quot;:&quot;circle&quot;}\" data-widget_type=\"form.default\">\n\t\t\t\t<div class=\"elementor-widget-container\">\n\t\t\t\t\t\t\t<form class=\"elementor-form\" method=\"post\" name=\"Demanda d&#039;utilisation - Carte-cadeau\" aria-label=\"Demanda d&#039;utilisation - Carte-cadeau\" novalidate=\"\">\n\t\t\t<input type=\"hidden\" name=\"post_id\" value=\"3551\"\/>\n\t\t\t<input type=\"hidden\" name=\"form_id\" value=\"3b6d0e0\"\/>\n\t\t\t<input type=\"hidden\" name=\"referer_title\" value=\"Demande d&#039;utilisation Carte-cadeau - xperience-jaro.com\" \/>\n\n\t\t\t\t\t\t\t<input type=\"hidden\" name=\"queried_id\" value=\"3551\"\/>\n\t\t\t\n\t\t\t<div class=\"elementor-form-fields-wrapper elementor-labels-above\">\n\t\t\t\t\t\t\t\t<div class=\"elementor-field-type-html elementor-field-group elementor-column elementor-field-group-nom_prenom_field_b84ef7d elementor-col-100\">\n\t\t\t\t\t<span style=\" color: #000;\n    font-family: 'Lato';\n    font-weight: 500;\n    display: flex;\n    justify-content: center;\n    font-size: 16px;margin:0px 0px 10px 0px;\">Seule la carte-cadeau de 100$ est disponible pour l\u2019\u00e9quivalent de 30 000 points XPJ.<\/span>\t\t\t\t<\/div>\n\t\t\t\t\t\t\t\t<div class=\"elementor-field-type-text elementor-field-group elementor-column elementor-field-group-field_2bbb6b6 elementor-col-100 elementor-field-required elementor-mark-required\">\n\t\t\t\t\t\t\t\t\t\t\t\t<label for=\"form-field-field_2bbb6b6\" class=\"elementor-field-label\">\n\t\t\t\t\t\t\t\tNom et pr\u00e9nom du membre\t\t\t\t\t\t\t<\/label>\n\t\t\t\t\t\t\t\t\t\t\t\t\t\t<input size=\"1\" type=\"text\" name=\"form_fields[field_2bbb6b6]\" id=\"form-field-field_2bbb6b6\" class=\"elementor-field elementor-size-sm  elementor-field-textual\" required=\"required\">\n\t\t\t\t\t\t\t\t\t\t\t<\/div>\n\t\t\t\t\t\t\t\t<div class=\"elementor-field-type-email elementor-field-group elementor-column elementor-field-group-courrie_relie elementor-col-100 elementor-field-required elementor-mark-required\">\n\t\t\t\t\t\t\t\t\t\t\t\t<label for=\"form-field-courrie_relie\" class=\"elementor-field-label\">\n\t\t\t\t\t\t\t\tCourriel reli\u00e9 \u00e0 votre compte Xperience JARO\t\t\t\t\t\t\t<\/label>\n\t\t\t\t\t\t\t\t\t\t\t\t\t\t<input size=\"1\" type=\"email\" name=\"form_fields[courrie_relie]\" id=\"form-field-courrie_relie\" class=\"elementor-field elementor-size-sm  elementor-field-textual\" required=\"required\">\n\t\t\t\t\t\t\t\t\t\t\t<\/div>\n\t\t\t\t\t\t\t\t<div class=\"elementor-field-type-text elementor-field-group elementor-column elementor-field-group-phone_field_a6938d9 elementor-col-100 elementor-field-required elementor-mark-required\">\n\t\t\t\t\t\t\t\t\t\t\t\t<label for=\"form-field-phone_field_a6938d9\" class=\"elementor-field-label\">\n\t\t\t\t\t\t\t\tNum\u00e9ro de t\u00e9l\u00e9phone\t\t\t\t\t\t\t<\/label>\n\t\t\t\t\t\t\t\t\t\t\t\t\t\t<input size=\"1\" type=\"text\" name=\"form_fields[phone_field_a6938d9]\" id=\"form-field-phone_field_a6938d9\" class=\"elementor-field elementor-size-sm  fme-mask-input mask_control_@ev-tel-us money_mask_format_@ mask_prefix_@ mask_decimal_places_@ mask_time_mask_format_@ fme_phone_format_@ credit_card_options_@ mask_auto_placeholder_@ fme_brazilian_formats_@ elementor-field-textual\" required=\"required\" data-mask=\"ev-tel-us\">\n\t\t\t\t\t\t\t\t\t\t\t<\/div>\n\t\t\t\t\t\t\t\t<div class=\"elementor-field-type-html elementor-field-group elementor-column elementor-field-group-field_a7a6334 elementor-col-100\">\n\t\t\t\t\t<span style=\" color: #C59217;\n    font-family: 'Lato';\n    font-weight: 700;\n    display: flex;\n    justify-content: center;\n    font-size: 18px;margin:20px 0px;\">Envoi de la carte-cadeau<\/span>\t\t\t\t<\/div>\n\t\t\t\t\t\t\t\t<div class=\"elementor-field-type-html elementor-field-group elementor-column elementor-field-group-field_093bde5 elementor-col-100\">\n\t\t\t\t\t<span style=\" color: #000;\n    font-family: 'Lato';\n    font-weight: 500;\n    display: flex;\n    justify-content: center;\n    font-size: 16px;margin:0px 0px 0px 0px;\">La carte-cadeau physique est envoy\u00e9e par la poste sans frais suppl\u00e9mentaires dans la province de Qu\u00e9bec.<\/span>\t\t\t\t<\/div>\n\t\t\t\t\t\t\t\t<div class=\"elementor-field-type-html elementor-field-group elementor-column elementor-field-group-field_dfe7d1d elementor-col-100\">\n\t\t\t\t\t<span style=\" color: #000;\n    font-family: 'Lato';\n    font-weight: 500;\n    display: flex;\n    justify-content: center;\n    font-size: 16px;margin:0px 0px 10px 0px;\">Veuillez noter que des frais d'exp\u00e9dition pourraient s'appliquer pour les autres<\/span>\t\t\t\t<\/div>\n\t\t\t\t\t\t\t\t<div class=\"elementor-field-type-text elementor-field-group elementor-column elementor-field-group-field_1fac0e6 elementor-col-100 elementor-field-required elementor-mark-required\">\n\t\t\t\t\t\t\t\t\t\t\t\t<label for=\"form-field-field_1fac0e6\" class=\"elementor-field-label\">\n\t\t\t\t\t\t\t\tNom et pr\u00e9nom\t\t\t\t\t\t\t<\/label>\n\t\t\t\t\t\t\t\t\t\t\t\t\t\t<input size=\"1\" type=\"text\" name=\"form_fields[field_1fac0e6]\" id=\"form-field-field_1fac0e6\" class=\"elementor-field elementor-size-sm  elementor-field-textual\" required=\"required\">\n\t\t\t\t\t\t\t\t\t\t\t<\/div>\n\t\t\t\t\t\t\t\t<div class=\"elementor-field-type-text elementor-field-group elementor-column elementor-field-group-field_b3dbe94 elementor-col-100 elementor-field-required elementor-mark-required\">\n\t\t\t\t\t\t\t\t\t\t\t\t<label for=\"form-field-field_b3dbe94\" class=\"elementor-field-label\">\n\t\t\t\t\t\t\t\tAdresse de livraison\t\t\t\t\t\t\t<\/label>\n\t\t\t\t\t\t\t\t\t\t\t\t\t\t<input size=\"1\" type=\"text\" name=\"form_fields[field_b3dbe94]\" id=\"form-field-field_b3dbe94\" class=\"elementor-field elementor-size-sm  elementor-field-textual\" required=\"required\">\n\t\t\t\t\t\t\t\t\t\t\t<\/div>\n\t\t\t\t\t\t\t\t<div class=\"elementor-field-type-text elementor-field-group elementor-column elementor-field-group-field_30751d3 elementor-col-33 elementor-sm-100 elementor-field-required elementor-mark-required\">\n\t\t\t\t\t\t\t\t\t\t\t\t<label for=\"form-field-field_30751d3\" class=\"elementor-field-label\">\n\t\t\t\t\t\t\t\tVille \t\t\t\t\t\t\t<\/label>\n\t\t\t\t\t\t\t\t\t\t\t\t\t\t<input size=\"1\" type=\"text\" name=\"form_fields[field_30751d3]\" id=\"form-field-field_30751d3\" class=\"elementor-field elementor-size-sm  elementor-field-textual\" required=\"required\">\n\t\t\t\t\t\t\t\t\t\t\t<\/div>\n\t\t\t\t\t\t\t\t<div class=\"elementor-field-type-select elementor-field-group elementor-column elementor-field-group-field_a26f624 elementor-col-33 elementor-sm-50 elementor-field-required elementor-mark-required\">\n\t\t\t\t\t\t\t\t\t\t\t\t<label for=\"form-field-field_a26f624\" class=\"elementor-field-label\">\n\t\t\t\t\t\t\t\tProvince\t\t\t\t\t\t\t<\/label>\n\t\t\t\t\t\t\t\t<div class=\"elementor-field elementor-select-wrapper remove-before \">\n\t\t\t<div class=\"select-caret-down-wrapper\">\n\t\t\t\t<svg aria-hidden=\"true\" class=\"e-font-icon-svg e-eicon-caret-down\" viewBox=\"0 0 571.4 571.4\" xmlns=\"http:\/\/www.w3.org\/2000\/svg\"><path d=\"M571 393Q571 407 561 418L311 668Q300 679 286 679T261 668L11 418Q0 407 0 393T11 368 36 357H536Q550 357 561 368T571 393Z\"><\/path><\/svg>\t\t\t<\/div>\n\t\t\t<select name=\"form_fields[field_a26f624]\" id=\"form-field-field_a26f624\" class=\"elementor-field-textual elementor-size-sm\" required=\"required\">\n\t\t\t\t\t\t\t\t\t<option value=\"\"><\/option>\n\t\t\t\t\t\t\t\t\t<option value=\"Alberta\">Alberta<\/option>\n\t\t\t\t\t\t\t\t\t<option value=\"Colombie-Britanique\">Colombie-Britanique<\/option>\n\t\t\t\t\t\t\t\t\t<option value=\"Manitoba\">Manitoba<\/option>\n\t\t\t\t\t\t\t\t\t<option value=\"Nouveau-Brunswick\">Nouveau-Brunswick<\/option>\n\t\t\t\t\t\t\t\t\t<option value=\"Terre-Neuve-et-Labrador\">Terre-Neuve-et-Labrador<\/option>\n\t\t\t\t\t\t\t\t\t<option value=\"Territoires du Nord-Ouest\">Territoires du Nord-Ouest<\/option>\n\t\t\t\t\t\t\t\t\t<option value=\"Nouvelle-\u00c9cosse\">Nouvelle-\u00c9cosse<\/option>\n\t\t\t\t\t\t\t\t\t<option value=\"Ninavut\">Ninavut<\/option>\n\t\t\t\t\t\t\t\t\t<option value=\"Ontario\">Ontario<\/option>\n\t\t\t\t\t\t\t\t\t<option value=\"\u00cele du Prince-\u00c9douard\">\u00cele du Prince-\u00c9douard<\/option>\n\t\t\t\t\t\t\t\t\t<option value=\"Qu\u00e9bec\">Qu\u00e9bec<\/option>\n\t\t\t\t\t\t\t\t\t<option value=\"Saskatchewan\">Saskatchewan<\/option>\n\t\t\t\t\t\t\t\t\t<option value=\"Yukon\">Yukon<\/option>\n\t\t\t\t\t\t\t<\/select>\n\t\t<\/div>\n\t\t\t\t\t\t<\/div>\n\t\t\t\t\t\t\t\t<div class=\"elementor-field-type-text elementor-field-group elementor-column elementor-field-group-field_a896367 elementor-col-33 elementor-sm-50 elementor-field-required elementor-mark-required\">\n\t\t\t\t\t\t\t\t\t\t\t\t<label for=\"form-field-field_a896367\" class=\"elementor-field-label\">\n\t\t\t\t\t\t\t\tCode postal\t\t\t\t\t\t\t<\/label>\n\t\t\t\t\t\t\t\t\t\t\t\t\t\t<input size=\"1\" type=\"text\" name=\"form_fields[field_a896367]\" id=\"form-field-field_a896367\" class=\"elementor-field elementor-size-sm  elementor-field-textual\" required=\"required\">\n\t\t\t\t\t\t\t\t\t\t\t<\/div>\n\t\t\t\t\t\t\t\t<div class=\"elementor-field-type-recaptcha elementor-field-group elementor-column elementor-field-group-field_2e3f7e2 elementor-col-100\">\n\t\t\t\t\t<div class=\"elementor-field\" id=\"form-field-field_2e3f7e2\"><div class=\"elementor-g-recaptcha\" data-sitekey=\"6Ldjn_UpAAAAAK9wF8XwGWHR-Tqq3GLkwdgNnGfw\" data-type=\"v2_checkbox\" data-theme=\"light\" data-size=\"normal\"><\/div><\/div>\t\t\t\t<\/div>\n\t\t\t\t\t\t\t\t<div class=\"elementor-field-group elementor-column elementor-field-type-submit elementor-col-100 e-form__buttons\">\n\t\t\t\t\t<button class=\"elementor-button elementor-size-sm\" type=\"submit\" id=\"btn_contact\">\n\t\t\t\t\t\t<span class=\"elementor-button-content-wrapper\">\n\t\t\t\t\t\t\t\t\t\t\t\t\t\t\t\t\t\t\t\t\t\t<span class=\"elementor-button-text\">Soumettre<\/span>\n\t\t\t\t\t\t\t\t\t\t\t\t\t<\/span>\n\t\t\t\t\t<\/button>\n\t\t\t\t<\/div>\n\t\t\t<\/div>\n\t\t<\/form>\n\t\t\t\t\t\t<\/div>\n\t\t\t\t<\/div>\n\t\t\t\t\t<\/div>\n\t\t\t\t<\/div>\n\t\t\t\t<\/div>\n\t\t","protected":false},"excerpt":{"rendered":"<p>Demande d&rsquo;\u00e9change de points Carte-cadeau<\/p>","protected":false},"author":1,"featured_media":0,"parent":0,"menu_order":0,"comment_status":"closed","ping_status":"closed","template":"","meta":{"site-sidebar-layout":"no-sidebar","site-content-layout":"","ast-site-content-layout":"full-width-container","site-content-style":"default","site-sidebar-style":"default","ast-global-header-display":"","ast-banner-title-visibility":"","ast-main-header-display":"","ast-hfb-above-header-display":"","ast-hfb-below-header-display":"","ast-hfb-mobile-header-display":"","site-post-title":"disabled","ast-breadcrumbs-content":"","ast-featured-img":"disabled","footer-sml-layout":"","ast-disable-related-posts":"","theme-transparent-header-meta":"","adv-header-id-meta":"","stick-header-meta":"","header-above-stick-meta":"","header-main-stick-meta":"","header-below-stick-meta":"","astra-migrate-meta-layouts":"default","ast-page-background-enabled":"default","ast-page-background-meta":{"desktop":{"background-color":"var(--ast-global-color-4)","background-image":"","background-repeat":"repeat","background-position":"center center","background-size":"auto","background-attachment":"scroll","background-type":"","background-media":"","overlay-type":"","overlay-color":"","overlay-opacity":"","overlay-gradient":""},"tablet":{"background-color":"","background-image":"","background-repeat":"repeat","background-position":"center center","background-size":"auto","background-attachment":"scroll","background-type":"","background-media":"","overlay-type":"","overlay-color":"","overlay-opacity":"","overlay-gradient":""},"mobile":{"background-color":"","background-image":"","background-repeat":"repeat","background-position":"center center","background-size":"auto","background-attachment":"scroll","background-type":"","background-media":"","overlay-type":"","overlay-color":"","overlay-opacity":"","overlay-gradient":""}},"ast-content-background-meta":{"desktop":{"background-color":"var(--ast-global-color-5)","background-image":"","background-repeat":"repeat","background-position":"center center","background-size":"auto","background-attachment":"scroll","background-type":"","background-media":"","overlay-type":"","overlay-color":"","overlay-opacity":"","overlay-gradient":""},"tablet":{"background-color":"var(--ast-global-color-5)","background-image":"","background-repeat":"repeat","background-position":"center center","background-size":"auto","background-attachment":"scroll","background-type":"","background-media":"","overlay-type":"","overlay-color":"","overlay-opacity":"","overlay-gradient":""},"mobile":{"background-color":"var(--ast-global-color-5)","background-image":"","background-repeat":"repeat","background-position":"center center","background-size":"auto","background-attachment":"scroll","background-type":"","background-media":"","overlay-type":"","overlay-color":"","overlay-opacity":"","overlay-gradient":""}},"footnotes":""},"class_list":["post-3551","page","type-page","status-publish","hentry"],"yoast_head":"<!-- This site is optimized with the Yoast SEO plugin v27.4 - https:\/\/yoast.com\/product\/yoast-seo-wordpress\/ -->\n<title>Demande d&#039;utilisation Carte-cadeau - xperience-jaro.com<\/title>\n<meta name=\"robots\" content=\"index, follow, max-snippet:-1, max-image-preview:large, max-video-preview:-1\" \/>\n<link rel=\"canonical\" href=\"https:\/\/www.xperience-jaro.com\/en\/echanger-points-carte-cadeau\/\" \/>\n<meta property=\"og:locale\" content=\"en_US\" \/>\n<meta property=\"og:type\" content=\"article\" \/>\n<meta property=\"og:title\" content=\"Demande d&#039;utilisation Carte-cadeau - xperience-jaro.com\" \/>\n<meta property=\"og:description\" content=\"Demande d&rsquo;\u00e9change de points Carte-cadeau\" \/>\n<meta property=\"og:url\" content=\"https:\/\/www.xperience-jaro.com\/en\/echanger-points-carte-cadeau\/\" \/>\n<meta property=\"og:site_name\" content=\"xperience-jaro.com\" \/>\n<meta property=\"article:publisher\" content=\"https:\/\/www.facebook.com\/hotelsjaro?rf=127555693946406\" \/>\n<meta property=\"article:modified_time\" content=\"2024-06-13T13:49:58+00:00\" \/>\n<meta name=\"twitter:card\" content=\"summary_large_image\" \/>\n<meta name=\"twitter:label1\" content=\"Est. reading time\" \/>\n\t<meta name=\"twitter:data1\" content=\"1 minute\" \/>\n<script type=\"application\/ld+json\" class=\"yoast-schema-graph\">{\"@context\":\"https:\\\/\\\/schema.org\",\"@graph\":[{\"@type\":\"WebPage\",\"@id\":\"https:\\\/\\\/www.xperience-jaro.com\\\/echanger-points-carte-cadeau\\\/\",\"url\":\"https:\\\/\\\/www.xperience-jaro.com\\\/echanger-points-carte-cadeau\\\/\",\"name\":\"Demande d'utilisation Carte-cadeau - xperience-jaro.com\",\"isPartOf\":{\"@id\":\"https:\\\/\\\/www.xperience-jaro.com\\\/#website\"},\"datePublished\":\"2024-04-29T14:40:48+00:00\",\"dateModified\":\"2024-06-13T13:49:58+00:00\",\"breadcrumb\":{\"@id\":\"https:\\\/\\\/www.xperience-jaro.com\\\/echanger-points-carte-cadeau\\\/#breadcrumb\"},\"inLanguage\":\"en-US\",\"potentialAction\":[{\"@type\":\"ReadAction\",\"target\":[\"https:\\\/\\\/www.xperience-jaro.com\\\/echanger-points-carte-cadeau\\\/\"]}]},{\"@type\":\"BreadcrumbList\",\"@id\":\"https:\\\/\\\/www.xperience-jaro.com\\\/echanger-points-carte-cadeau\\\/#breadcrumb\",\"itemListElement\":[{\"@type\":\"ListItem\",\"position\":1,\"name\":\"Accueil\",\"item\":\"https:\\\/\\\/www.xperience-jaro.com\\\/\"},{\"@type\":\"ListItem\",\"position\":2,\"name\":\"Demande d&rsquo;utilisation Carte-cadeau\"}]},{\"@type\":\"WebSite\",\"@id\":\"https:\\\/\\\/www.xperience-jaro.com\\\/#website\",\"url\":\"https:\\\/\\\/www.xperience-jaro.com\\\/\",\"name\":\"xperience-jaro.com\",\"description\":\"Profitez des avantages de notre programme de loyaut\u00e9 Xperience JARO!\",\"publisher\":{\"@id\":\"https:\\\/\\\/www.xperience-jaro.com\\\/#organization\"},\"potentialAction\":[{\"@type\":\"SearchAction\",\"target\":{\"@type\":\"EntryPoint\",\"urlTemplate\":\"https:\\\/\\\/www.xperience-jaro.com\\\/?s={search_term_string}\"},\"query-input\":{\"@type\":\"PropertyValueSpecification\",\"valueRequired\":true,\"valueName\":\"search_term_string\"}}],\"inLanguage\":\"en-US\"},{\"@type\":\"Organization\",\"@id\":\"https:\\\/\\\/www.xperience-jaro.com\\\/#organization\",\"name\":\"xperience-jaro.com\",\"url\":\"https:\\\/\\\/www.xperience-jaro.com\\\/\",\"logo\":{\"@type\":\"ImageObject\",\"inLanguage\":\"en-US\",\"@id\":\"https:\\\/\\\/www.xperience-jaro.com\\\/#\\\/schema\\\/logo\\\/image\\\/\",\"url\":\"https:\\\/\\\/www.xperience-jaro.com\\\/wp-content\\\/uploads\\\/2024\\\/04\\\/Logo-favicon.png\",\"contentUrl\":\"https:\\\/\\\/www.xperience-jaro.com\\\/wp-content\\\/uploads\\\/2024\\\/04\\\/Logo-favicon.png\",\"width\":300,\"height\":300,\"caption\":\"xperience-jaro.com\"},\"image\":{\"@id\":\"https:\\\/\\\/www.xperience-jaro.com\\\/#\\\/schema\\\/logo\\\/image\\\/\"},\"sameAs\":[\"https:\\\/\\\/www.facebook.com\\\/hotelsjaro?rf=127555693946406\",\"https:\\\/\\\/www.instagram.com\\\/leshotelsjaro\\\/\",\"https:\\\/\\\/www.linkedin.com\\\/company\\\/les-h-tels-jaro\\\/\",\"https:\\\/\\\/www.youtube.com\\\/HotelsJARO\",\"https:\\\/\\\/www.tiktok.com\\\/@hotelsjaro\"]}]}<\/script>\n<!-- \/ Yoast SEO plugin. -->","yoast_head_json":{"title":"Demande d'utilisation Carte-cadeau - xperience-jaro.com","robots":{"index":"index","follow":"follow","max-snippet":"max-snippet:-1","max-image-preview":"max-image-preview:large","max-video-preview":"max-video-preview:-1"},"canonical":"https:\/\/www.xperience-jaro.com\/en\/echanger-points-carte-cadeau\/","og_locale":"en_US","og_type":"article","og_title":"Demande d'utilisation Carte-cadeau - xperience-jaro.com","og_description":"Demande d&rsquo;\u00e9change de points Carte-cadeau","og_url":"https:\/\/www.xperience-jaro.com\/en\/echanger-points-carte-cadeau\/","og_site_name":"xperience-jaro.com","article_publisher":"https:\/\/www.facebook.com\/hotelsjaro?rf=127555693946406","article_modified_time":"2024-06-13T13:49:58+00:00","twitter_card":"summary_large_image","twitter_misc":{"Est. reading time":"1 minute"},"schema":{"@context":"https:\/\/schema.org","@graph":[{"@type":"WebPage","@id":"https:\/\/www.xperience-jaro.com\/echanger-points-carte-cadeau\/","url":"https:\/\/www.xperience-jaro.com\/echanger-points-carte-cadeau\/","name":"Demande d'utilisation Carte-cadeau - xperience-jaro.com","isPartOf":{"@id":"https:\/\/www.xperience-jaro.com\/#website"},"datePublished":"2024-04-29T14:40:48+00:00","dateModified":"2024-06-13T13:49:58+00:00","breadcrumb":{"@id":"https:\/\/www.xperience-jaro.com\/echanger-points-carte-cadeau\/#breadcrumb"},"inLanguage":"en-US","potentialAction":[{"@type":"ReadAction","target":["https:\/\/www.xperience-jaro.com\/echanger-points-carte-cadeau\/"]}]},{"@type":"BreadcrumbList","@id":"https:\/\/www.xperience-jaro.com\/echanger-points-carte-cadeau\/#breadcrumb","itemListElement":[{"@type":"ListItem","position":1,"name":"Accueil","item":"https:\/\/www.xperience-jaro.com\/"},{"@type":"ListItem","position":2,"name":"Demande d&rsquo;utilisation Carte-cadeau"}]},{"@type":"WebSite","@id":"https:\/\/www.xperience-jaro.com\/#website","url":"https:\/\/www.xperience-jaro.com\/","name":"xperience-jaro.com","description":"Xperience the advantages of our loyalty program!","publisher":{"@id":"https:\/\/www.xperience-jaro.com\/#organization"},"potentialAction":[{"@type":"SearchAction","target":{"@type":"EntryPoint","urlTemplate":"https:\/\/www.xperience-jaro.com\/?s={search_term_string}"},"query-input":{"@type":"PropertyValueSpecification","valueRequired":true,"valueName":"search_term_string"}}],"inLanguage":"en-US"},{"@type":"Organization","@id":"https:\/\/www.xperience-jaro.com\/#organization","name":"xperience-jaro.com","url":"https:\/\/www.xperience-jaro.com\/","logo":{"@type":"ImageObject","inLanguage":"en-US","@id":"https:\/\/www.xperience-jaro.com\/#\/schema\/logo\/image\/","url":"https:\/\/www.xperience-jaro.com\/wp-content\/uploads\/2024\/04\/Logo-favicon.png","contentUrl":"https:\/\/www.xperience-jaro.com\/wp-content\/uploads\/2024\/04\/Logo-favicon.png","width":300,"height":300,"caption":"xperience-jaro.com"},"image":{"@id":"https:\/\/www.xperience-jaro.com\/#\/schema\/logo\/image\/"},"sameAs":["https:\/\/www.facebook.com\/hotelsjaro?rf=127555693946406","https:\/\/www.instagram.com\/leshotelsjaro\/","https:\/\/www.linkedin.com\/company\/les-h-tels-jaro\/","https:\/\/www.youtube.com\/HotelsJARO","https:\/\/www.tiktok.com\/@hotelsjaro"]}]}},"_links":{"self":[{"href":"https:\/\/www.xperience-jaro.com\/en\/wp-json\/wp\/v2\/pages\/3551","targetHints":{"allow":["GET"]}}],"collection":[{"href":"https:\/\/www.xperience-jaro.com\/en\/wp-json\/wp\/v2\/pages"}],"about":[{"href":"https:\/\/www.xperience-jaro.com\/en\/wp-json\/wp\/v2\/types\/page"}],"author":[{"embeddable":true,"href":"https:\/\/www.xperience-jaro.com\/en\/wp-json\/wp\/v2\/users\/1"}],"replies":[{"embeddable":true,"href":"https:\/\/www.xperience-jaro.com\/en\/wp-json\/wp\/v2\/comments?post=3551"}],"version-history":[{"count":79,"href":"https:\/\/www.xperience-jaro.com\/en\/wp-json\/wp\/v2\/pages\/3551\/revisions"}],"predecessor-version":[{"id":5863,"href":"https:\/\/www.xperience-jaro.com\/en\/wp-json\/wp\/v2\/pages\/3551\/revisions\/5863"}],"wp:attachment":[{"href":"https:\/\/www.xperience-jaro.com\/en\/wp-json\/wp\/v2\/media?parent=3551"}],"curies":[{"name":"wp","href":"https:\/\/api.w.org\/{rel}","templated":true}]}}